{"id":4473,"date":"2025-02-19T09:39:24","date_gmt":"2025-02-19T08:39:24","guid":{"rendered":"https:\/\/mallorcacycling.es\/privacy-policy\/"},"modified":"2025-06-10T10:33:16","modified_gmt":"2025-06-10T08:33:16","slug":"datenschutzbestimmungen","status":"publish","type":"page","link":"https:\/\/mallorcacycling.es\/de\/datenschutzbestimmungen\/","title":{"rendered":"Datenschutzbestimmungen"},"content":{"rendered":"\t\t<div data-elementor-type=\"wp-page\" data-elementor-id=\"4473\" class=\"elementor elementor-4473 elementor-3\">\n\t\t\t\t\t\t<section data-img-position=\"\" class=\"elementor-section elementor-top-section elementor-element elementor-element-7c4239a0 elementor-section-boxed elementor-section-height-default elementor-section-height-default\" data-id=\"7c4239a0\" data-element_type=\"section\" data-settings=\"{&quot;aos_animation_name&quot;:&quot;none&quot;}\">\n\t\t\t\t\t\t<div class=\"elementor-container elementor-column-gap-default\">\n\t\t\t\t\t<div data-img-position=\"\" class=\"elementor-column elementor-col-100 elementor-top-column elementor-element elementor-element-975932c\" data-id=\"975932c\" data-element_type=\"column\" data-settings=\"{&quot;aos_animation_name&quot;:&quot;none&quot;}\">\n\t\t\t<div class=\"elementor-widget-wrap elementor-element-populated\">\n\t\t\t\t\t\t<div class=\"elementor-element elementor-element-5f0fc0d9 elementor-widget elementor-widget-text-editor\" data-id=\"5f0fc0d9\" data-element_type=\"widget\" data-settings=\"{&quot;aos_animation_name&quot;:&quot;none&quot;}\" data-widget_type=\"text-editor.default\">\n\t\t\t\t<div class=\"elementor-widget-container\">\n\t\t\t\t\t\t\t\t\t<h3 data-start=\"102\" data-end=\"391\">Informationen zum Datenverantwortlichen<\/h3><ul><li data-start=\"102\" data-end=\"391\"><strong>Controller:<\/strong> Dmitry Zagovalko Chikhachev<\/li><li data-start=\"102\" data-end=\"391\"><strong>Trade Name:<\/strong> Mallorca Cycling Video<\/li><li data-start=\"102\" data-end=\"391\"><strong>ID-Nummer:<\/strong> 60524993X<\/li><li data-start=\"102\" data-end=\"391\"><strong>Adresse:<\/strong> Illes Balears, Spain<\/li><li data-start=\"102\" data-end=\"391\"><strong>Telefon:<\/strong> +34 634 030 516<\/li><li data-start=\"102\" data-end=\"391\"><strong>Email:<\/strong> <a class=\"cursor-pointer\" rel=\"noopener\" data-start=\"302\" data-end=\"323\">zagovalko.d@gmail.com<\/a><\/li><li data-start=\"102\" data-end=\"391\"><strong>Website:<\/strong> <a class=\"\" href=\"http:\/\/mallorcacycling.es\/\" target=\"_new\" rel=\"noopener\" data-start=\"335\" data-end=\"391\">http:\/\/mallorcacycling.es\/<\/a><\/li><\/ul><h3 data-start=\"393\" data-end=\"685\">Anwendbare Verordnungen<\/h3><p data-start=\"393\" data-end=\"685\">Diese Datenschutzrichtlinie entspricht der Verordnung (EU) 2016\/679 (General Data Protection Regulation &#8211; GDPR), dem Organgesetz 3\/2018 \u00fcber den Schutz personenbezogener Daten und die Garantie digitaler Rechte sowie dem Gesetz 34\/2002 \u00fcber die Dienste der Informationsgesellschaft und den elektronischen Handel.<\/p><h3 data-start=\"393\" data-end=\"685\">Zweck der Datenverarbeitung<\/h3><p data-start=\"393\" data-end=\"685\">Die \u00fcber diese Website erhobenen personenbezogenen Daten werden zu folgenden Zwecken verarbeitet:<\/p><ul><li data-start=\"393\" data-end=\"685\">Beantwortung von Kontakt- oder Informationsanfragen des Nutzers.<\/li><li data-start=\"393\" data-end=\"685\">Verwaltung der Gesch\u00e4ftsbeziehungen mit Kunden oder Nutzern.<\/li><li data-start=\"393\" data-end=\"685\">Versenden von Informations- oder Werbemitteilungen, wenn der Nutzer dies genehmigt.<\/li><li data-start=\"393\" data-end=\"685\">Verbesserung des Surf-Erlebnisses und der Funktionalit\u00e4t der Website.<\/li><\/ul><h3>Rechtsgrundlage f\u00fcr die Verarbeitung<\/h3><p>Die Rechtsgrundlage f\u00fcr die Verarbeitung Ihrer Daten ist:<\/p><ul><li>Die ausdr\u00fcckliche Zustimmung, die beim Absenden eines Kontakt- oder Anmeldeformulars erteilt wird.<\/li><li>Die Erf\u00fcllung von vorvertraglichen oder vertraglichen Beziehungen.<\/li><li>Erf\u00fcllung gesetzlicher Verpflichtungen.<\/li><\/ul><h3 data-start=\"1364\" data-end=\"1398\">Kategorien von verarbeiteten Daten<\/h3><ul><li data-start=\"1401\" data-end=\"1455\">Identifizierende Daten: Name, E-Mail-Adresse, Telefonnummer.<\/li><li>Technische Daten: IP-Adresse, Browser, Betriebssystem, Dauer des Besuchs, etc.<\/li><\/ul><h3>Aufbewahrungsfrist der Daten<\/h3><p data-start=\"1542\" data-end=\"1770\">Die Daten werden so lange aufbewahrt, wie eine aktive Beziehung besteht oder bis der Nutzer ihre L\u00f6schung beantragt. Danach werden die Daten f\u00fcr die in den geltenden Rechtsvorschriften vorgeschriebenen Zeitr\u00e4ume gesperrt gehalten.<\/p><h3 data-start=\"1772\" data-end=\"2004\">Datenempf\u00e4nger<\/h3><p data-start=\"1772\" data-end=\"2004\">Es werden keine Daten an Dritte weitergegeben, es sei denn, es besteht eine gesetzliche Verpflichtung oder die Daten werden von Datenverarbeitern, die angemessene Garantien in \u00dcbereinstimmung mit der DSGVO bieten, f\u00fcr die Erbringung einer Dienstleistung ben\u00f6tigt.<\/p><h3 data-start=\"2006\" data-end=\"2089\">Internationale Daten\u00fcbertragungen<\/h3><p data-start=\"2006\" data-end=\"2089\">Es werden keine internationalen Daten\u00fcbermittlungen durchgef\u00fchrt.<\/p><h3 data-start=\"2091\" data-end=\"2349\">Sicherheitsma\u00dfnahmen<\/h3><p data-start=\"2091\" data-end=\"2349\">Der f\u00fcr die Verarbeitung Verantwortliche hat die notwendigen technischen und organisatorischen Ma\u00dfnahmen ergriffen, um die Sicherheit der personenbezogenen Daten zu gew\u00e4hrleisten und ihre Ver\u00e4nderung, ihren Verlust, ihre Verarbeitung oder ihren unbefugten Zugriff gem\u00e4\u00df Artikel 32 der Datenschutz-Grundverordnung zu verhindern.<\/p><h3 data-start=\"2351\" data-end=\"2423\">Benutzerrechte<\/h3><p data-start=\"2351\" data-end=\"2423\">Die Nutzer k\u00f6nnen jederzeit die folgenden Rechte aus\u00fcben:<\/p><ul><li>Zugang zu ihren pers\u00f6nlichen Daten.<\/li><li>Berichtigung unzutreffender Daten.<\/li><li>L\u00f6schung ihrer Daten.<\/li><li>Einspruch gegen die Verarbeitung.<\/li><li>Einschr\u00e4nkung der Verarbeitung.<\/li><li>Daten\u00fcbertragbarkeit.<\/li><li>R\u00fccknahme der Zustimmung.<\/li><\/ul><p data-start=\"2625\" data-end=\"2859\">Sie k\u00f6nnen diese Rechte aus\u00fcben, indem Sie eine E-Mail an zagovalko.d@gmail.com schicken und eine Kopie eines g\u00fcltigen Ausweises beif\u00fcgen. Sie k\u00f6nnen auch eine Beschwerde bei der spanischen Datenschutzbeh\u00f6rde einreichen: www.aepd.es.<\/p><h3 data-start=\"2861\" data-end=\"3108\">Zustimmung zur elektronischen Kommunikation<\/h3><p data-start=\"2861\" data-end=\"3108\">Mit der Annahme dieser Richtlinie stimmt der Nutzer ausdr\u00fccklich zu, E-Mails mit Informationen \u00fcber Mallorca Cycling Video zu erhalten. Diese Zustimmung kann jederzeit widerrufen werden, indem man an die gleiche E-Mail-Adresse schreibt.<\/p>\t\t\t\t\t\t\t\t<\/div>\n\t\t\t\t<\/div>\n\t\t\t\t\t<\/div>\n\t\t<\/div>\n\t\t\t\t\t<\/div>\n\t\t<\/section>\n\t\t\t\t<\/div>\n\t\t","protected":false},"excerpt":{"rendered":"<p>Informationen zum Datenverantwortlichen Controller: Dmitry Zagovalko Chikhachev Trade Name: Mallorca Cycling Video ID-Nummer: 60524993X Adresse: Illes Balears, Spain Telefon: +34 634 030 516 Email: zagovalko.d@gmail.com Website: http:\/\/mallorcacycling.es\/ Anwendbare Verordnungen Diese Datenschutzrichtlinie entspricht der Verordnung (EU) 2016\/679 (General Data Protection Regulation &#8211; GDPR), dem Organgesetz 3\/2018 \u00fcber den Schutz personenbezogener Daten und die Garantie digitaler Rechte [&hellip;]<\/p>\n","protected":false},"author":1,"featured_media":0,"parent":0,"menu_order":0,"comment_status":"closed","ping_status":"closed","template":"","meta":{"_acf_changed":false,"_vp_format_video_url":"","_vp_image_focal_point":[],"footnotes":""},"class_list":["post-4473","page","type-page","status-publish","hentry"],"acf":[],"yoast_head":"<!-- This site is optimized with the Yoast SEO plugin v25.2 - https:\/\/yoast.com\/wordpress\/plugins\/seo\/ -->\n<title>Datenschutzbestimmungen - Mallorca Cycling Video<\/title>\n<meta name=\"description\" content=\"Erfahre, wie Mallorca Cycling deine pers\u00f6nlichen Daten sch\u00fctzt und die DSGVO sowie Datenschutzbestimmungen einh\u00e4lt.\" \/>\n<meta name=\"robots\" content=\"index, follow, max-snippet:-1, max-image-preview:large, max-video-preview:-1\" \/>\n<link rel=\"canonical\" href=\"https:\/\/mallorcacycling.es\/de\/datenschutzbestimmungen\/\" \/>\n<meta property=\"og:locale\" content=\"de_DE\" \/>\n<meta property=\"og:type\" content=\"article\" \/>\n<meta property=\"og:title\" content=\"Datenschutzbestimmungen - Mallorca Cycling Video\" \/>\n<meta property=\"og:description\" content=\"Erfahre, wie Mallorca Cycling deine pers\u00f6nlichen Daten sch\u00fctzt und die DSGVO sowie Datenschutzbestimmungen einh\u00e4lt.\" \/>\n<meta property=\"og:url\" content=\"https:\/\/mallorcacycling.es\/de\/datenschutzbestimmungen\/\" \/>\n<meta property=\"og:site_name\" content=\"Mallorca Cycling Video\" \/>\n<meta property=\"article:modified_time\" content=\"2025-06-10T08:33:16+00:00\" \/>\n<meta name=\"twitter:card\" content=\"summary_large_image\" \/>\n<meta name=\"twitter:label1\" content=\"Gesch\u00e4tzte Lesezeit\" \/>\n\t<meta name=\"twitter:data1\" content=\"2\u00a0Minuten\" \/>\n<script type=\"application\/ld+json\" class=\"yoast-schema-graph\">{\"@context\":\"https:\/\/schema.org\",\"@graph\":[{\"@type\":\"WebPage\",\"@id\":\"https:\/\/mallorcacycling.es\/de\/datenschutzbestimmungen\/\",\"url\":\"https:\/\/mallorcacycling.es\/de\/datenschutzbestimmungen\/\",\"name\":\"Datenschutzbestimmungen - Mallorca Cycling Video\",\"isPartOf\":{\"@id\":\"https:\/\/mallorcacycling.es\/de\/#website\"},\"datePublished\":\"2025-02-19T08:39:24+00:00\",\"dateModified\":\"2025-06-10T08:33:16+00:00\",\"description\":\"Erfahre, wie Mallorca Cycling deine pers\u00f6nlichen Daten sch\u00fctzt und die DSGVO sowie Datenschutzbestimmungen einh\u00e4lt.\",\"breadcrumb\":{\"@id\":\"https:\/\/mallorcacycling.es\/de\/datenschutzbestimmungen\/#breadcrumb\"},\"inLanguage\":\"de\",\"potentialAction\":[{\"@type\":\"ReadAction\",\"target\":[\"https:\/\/mallorcacycling.es\/de\/datenschutzbestimmungen\/\"]}]},{\"@type\":\"BreadcrumbList\",\"@id\":\"https:\/\/mallorcacycling.es\/de\/datenschutzbestimmungen\/#breadcrumb\",\"itemListElement\":[{\"@type\":\"ListItem\",\"position\":1,\"name\":\"Portada\",\"item\":\"https:\/\/mallorcacycling.es\/de\/\"},{\"@type\":\"ListItem\",\"position\":2,\"name\":\"Datenschutzbestimmungen\"}]},{\"@type\":\"WebSite\",\"@id\":\"https:\/\/mallorcacycling.es\/de\/#website\",\"url\":\"https:\/\/mallorcacycling.es\/de\/\",\"name\":\"Mallorca Cycling Video\",\"description\":\"\",\"potentialAction\":[{\"@type\":\"SearchAction\",\"target\":{\"@type\":\"EntryPoint\",\"urlTemplate\":\"https:\/\/mallorcacycling.es\/de\/?s={search_term_string}\"},\"query-input\":{\"@type\":\"PropertyValueSpecification\",\"valueRequired\":true,\"valueName\":\"search_term_string\"}}],\"inLanguage\":\"de\"}]}<\/script>\n<!-- \/ Yoast SEO plugin. -->","yoast_head_json":{"title":"Datenschutzbestimmungen - Mallorca Cycling Video","description":"Erfahre, wie Mallorca Cycling deine pers\u00f6nlichen Daten sch\u00fctzt und die DSGVO sowie Datenschutzbestimmungen einh\u00e4lt.","robots":{"index":"index","follow":"follow","max-snippet":"max-snippet:-1","max-image-preview":"max-image-preview:large","max-video-preview":"max-video-preview:-1"},"canonical":"https:\/\/mallorcacycling.es\/de\/datenschutzbestimmungen\/","og_locale":"de_DE","og_type":"article","og_title":"Datenschutzbestimmungen - Mallorca Cycling Video","og_description":"Erfahre, wie Mallorca Cycling deine pers\u00f6nlichen Daten sch\u00fctzt und die DSGVO sowie Datenschutzbestimmungen einh\u00e4lt.","og_url":"https:\/\/mallorcacycling.es\/de\/datenschutzbestimmungen\/","og_site_name":"Mallorca Cycling Video","article_modified_time":"2025-06-10T08:33:16+00:00","twitter_card":"summary_large_image","twitter_misc":{"Gesch\u00e4tzte Lesezeit":"2\u00a0Minuten"},"schema":{"@context":"https:\/\/schema.org","@graph":[{"@type":"WebPage","@id":"https:\/\/mallorcacycling.es\/de\/datenschutzbestimmungen\/","url":"https:\/\/mallorcacycling.es\/de\/datenschutzbestimmungen\/","name":"Datenschutzbestimmungen - Mallorca Cycling Video","isPartOf":{"@id":"https:\/\/mallorcacycling.es\/de\/#website"},"datePublished":"2025-02-19T08:39:24+00:00","dateModified":"2025-06-10T08:33:16+00:00","description":"Erfahre, wie Mallorca Cycling deine pers\u00f6nlichen Daten sch\u00fctzt und die DSGVO sowie Datenschutzbestimmungen einh\u00e4lt.","breadcrumb":{"@id":"https:\/\/mallorcacycling.es\/de\/datenschutzbestimmungen\/#breadcrumb"},"inLanguage":"de","potentialAction":[{"@type":"ReadAction","target":["https:\/\/mallorcacycling.es\/de\/datenschutzbestimmungen\/"]}]},{"@type":"BreadcrumbList","@id":"https:\/\/mallorcacycling.es\/de\/datenschutzbestimmungen\/#breadcrumb","itemListElement":[{"@type":"ListItem","position":1,"name":"Portada","item":"https:\/\/mallorcacycling.es\/de\/"},{"@type":"ListItem","position":2,"name":"Datenschutzbestimmungen"}]},{"@type":"WebSite","@id":"https:\/\/mallorcacycling.es\/de\/#website","url":"https:\/\/mallorcacycling.es\/de\/","name":"Mallorca Cycling Video","description":"","potentialAction":[{"@type":"SearchAction","target":{"@type":"EntryPoint","urlTemplate":"https:\/\/mallorcacycling.es\/de\/?s={search_term_string}"},"query-input":{"@type":"PropertyValueSpecification","valueRequired":true,"valueName":"search_term_string"}}],"inLanguage":"de"}]}},"_links":{"self":[{"href":"https:\/\/mallorcacycling.es\/de\/wp-json\/wp\/v2\/pages\/4473","targetHints":{"allow":["GET"]}}],"collection":[{"href":"https:\/\/mallorcacycling.es\/de\/wp-json\/wp\/v2\/pages"}],"about":[{"href":"https:\/\/mallorcacycling.es\/de\/wp-json\/wp\/v2\/types\/page"}],"author":[{"embeddable":true,"href":"https:\/\/mallorcacycling.es\/de\/wp-json\/wp\/v2\/users\/1"}],"replies":[{"embeddable":true,"href":"https:\/\/mallorcacycling.es\/de\/wp-json\/wp\/v2\/comments?post=4473"}],"version-history":[{"count":4,"href":"https:\/\/mallorcacycling.es\/de\/wp-json\/wp\/v2\/pages\/4473\/revisions"}],"predecessor-version":[{"id":4477,"href":"https:\/\/mallorcacycling.es\/de\/wp-json\/wp\/v2\/pages\/4473\/revisions\/4477"}],"wp:attachment":[{"href":"https:\/\/mallorcacycling.es\/de\/wp-json\/wp\/v2\/media?parent=4473"}],"curies":[{"name":"wp","href":"https:\/\/api.w.org\/{rel}","templated":true}]}}