{"id":4465,"date":"2025-06-10T08:53:58","date_gmt":"2025-06-10T06:53:58","guid":{"rendered":"https:\/\/mallorcacycling.es\/legal-notice\/"},"modified":"2025-06-10T10:31:35","modified_gmt":"2025-06-10T08:31:35","slug":"rechtlicher-hinweis","status":"publish","type":"page","link":"https:\/\/mallorcacycling.es\/de\/rechtlicher-hinweis\/","title":{"rendered":"Rechtlicher Hinweis"},"content":{"rendered":"\t\t<div data-elementor-type=\"wp-page\" data-elementor-id=\"4465\" class=\"elementor elementor-4465 elementor-4446\">\n\t\t\t\t\t\t<section data-img-position=\"\" class=\"elementor-section elementor-top-section elementor-element elementor-element-788b755f elementor-section-boxed elementor-section-height-default elementor-section-height-default\" data-id=\"788b755f\" data-element_type=\"section\" data-settings=\"{&quot;aos_animation_name&quot;:&quot;none&quot;}\">\n\t\t\t\t\t\t<div class=\"elementor-container elementor-column-gap-default\">\n\t\t\t\t\t<div data-img-position=\"\" class=\"elementor-column elementor-col-100 elementor-top-column elementor-element elementor-element-603f0d51\" data-id=\"603f0d51\" data-element_type=\"column\" data-settings=\"{&quot;aos_animation_name&quot;:&quot;none&quot;}\">\n\t\t\t<div class=\"elementor-widget-wrap elementor-element-populated\">\n\t\t\t\t\t\t<div class=\"elementor-element elementor-element-5ff3a990 elementor-widget elementor-widget-text-editor\" data-id=\"5ff3a990\" data-element_type=\"widget\" data-settings=\"{&quot;aos_animation_name&quot;:&quot;none&quot;}\" data-widget_type=\"text-editor.default\">\n\t\t\t\t<div class=\"elementor-widget-container\">\n\t\t\t\t\t\t\t\t\t<p data-start=\"74\" data-end=\"258\"><strong>Gem\u00e4\u00df Artikel 10 des Gesetzes 34\/2002 vom 11. Juli \u00fcber die Dienste der Informationsgesellschaft und den elektronischen Handel (LSSI-CE) wird der Benutzer \u00fcber die folgenden identifizierenden Daten informiert:<\/strong><\/p><ul><li data-start=\"260\" data-end=\"542\">Vollst\u00e4ndiger Name des Eigent\u00fcmers: Dmitry Zagovalko Chikhachev.<\/li><li data-start=\"260\" data-end=\"542\">Handelsname: Mallorca Cycling Video.<\/li><li data-start=\"260\" data-end=\"542\">ID-Nummer: 60524993X.<\/li><li data-start=\"260\" data-end=\"542\">Steuerliche Anschrift: Illes Balears, Spain.<\/li><li data-start=\"260\" data-end=\"542\">Contact phone: +34 634 030 516.<\/li><li data-start=\"260\" data-end=\"542\">Email: <a class=\"cursor-pointer\" rel=\"noopener\" data-start=\"453\" data-end=\"474\">zagovalko.d@gmail.com.<\/a><\/li><li>Website: <a class=\"\" href=\"http:\/\/mallorcacycling.es\/\" target=\"_new\" rel=\"noopener\" data-start=\"486\" data-end=\"542\">http:\/\/mallorcacycling.es\/<\/a><\/li><\/ul><h3 data-start=\"544\" data-end=\"1174\">Zweck<\/h3><p data-start=\"544\" data-end=\"1174\">Der Eigent\u00fcmer der Website stellt dieses Dokument den Nutzern zur Verf\u00fcgung, um die im LSSI-CE festgelegten Verpflichtungen zu erf\u00fcllen und die Nutzer \u00fcber die Nutzungsbedingungen der Website zu informieren. Jeder, der auf diese Website zugreift, \u00fcbernimmt die Rolle des Nutzers und verpflichtet sich zur Beachtung und strikten Einhaltung der hier dargelegten Bestimmungen sowie aller anderen geltenden gesetzlichen Vorschriften. Der Eigent\u00fcmer beh\u00e4lt sich das Recht vor, jede Art von Information, die auf der Website erscheint, zu \u00e4ndern, ohne dass er verpflichtet ist, diese \u00c4nderungen vorher anzuk\u00fcndigen oder die Nutzer dar\u00fcber zu informieren, wobei die Ver\u00f6ffentlichung auf der Website ausreicht.<\/p><h3 data-start=\"1176\" data-end=\"2430\">Haftung<\/h3><p data-start=\"1176\" data-end=\"2430\">Der Eigent\u00fcmer lehnt jede Verantwortung f\u00fcr die auf der Website ver\u00f6ffentlichten Informationen ab, wenn diese Informationen von einem Dritten, der nichts mit der Website zu tun hat, manipuliert oder eingef\u00fchrt wurden.<br \/>Diese Website kann Cookies verwenden, um bestimmte Funktionen auszuf\u00fchren, die f\u00fcr ihr ordnungsgem\u00e4\u00dfes Funktionieren unerl\u00e4sslich sind. Diese Cookies sind tempor\u00e4r und verschwinden mit dem Ende der Benutzersitzung. Sie werden unter keinen Umst\u00e4nden dazu verwendet, pers\u00f6nliche Informationen zu sammeln.<br \/>Von dieser Website aus ist es m\u00f6glich, auf Inhalte Dritter umzuleiten. Da der Eigent\u00fcmer die von Dritten eingebrachten Inhalte nicht immer kontrollieren kann, \u00fcbernimmt er keine Verantwortung f\u00fcr diese Inhalte. Der Betreiber verpflichtet sich jedoch, Inhalte, die gegen die nationale oder internationale Gesetzgebung, die Moral oder die \u00f6ffentliche Ordnung versto\u00dfen, unverz\u00fcglich zu entfernen.<br \/>Der Eigent\u00fcmer ist auch nicht verantwortlich f\u00fcr die Informationen und Inhalte, die in Foren, Chats, Blogs, sozialen Netzwerken oder anderen Medien gespeichert sind, die es Dritten erm\u00f6glichen, Inhalte unabh\u00e4ngig zu ver\u00f6ffentlichen. In \u00dcbereinstimmung mit den Artikeln 11 und 16 des LSSI-CE stellt sich der Eigent\u00fcmer allen Nutzern, Beh\u00f6rden und Strafverfolgungsbeh\u00f6rden zur Verf\u00fcgung und arbeitet aktiv an der Entfernung oder Sperrung von Inhalten mit, die die geltende Gesetzgebung beeintr\u00e4chtigen oder gegen sie versto\u00dfen k\u00f6nnten.<\/p><h3 data-start=\"2432\" data-end=\"2941\">Geistiges und gewerbliches Eigentum<\/h3><p data-start=\"2432\" data-end=\"2941\">Die Website, einschlie\u00dflich ihrer Programmierung, Gestaltung, Zusammenstellung, Logos, Texte, Bilder und Grafiken, ist Eigentum des Eigent\u00fcmers oder verf\u00fcgt \u00fcber eine ausdr\u00fcckliche Lizenz oder Genehmigung der Autoren. Der gesamte Inhalt ist durch die geltende Gesetzgebung zum geistigen und gewerblichen Eigentum gesch\u00fctzt.<br \/>Die vollst\u00e4ndige oder teilweise Vervielf\u00e4ltigung, Verbreitung, \u00f6ffentliche Wiedergabe oder Umgestaltung des Inhalts der Website ist ohne vorherige schriftliche Genehmigung des Eigent\u00fcmers verboten.<\/p><h3 data-start=\"2943\" data-end=\"3214\">Genauigkeit der Informationen und Minderj\u00e4hrige<\/h3><p data-start=\"2943\" data-end=\"3214\">Der Nutzer garantiert, dass die von ihm angegebenen pers\u00f6nlichen Daten wahr, genau, vollst\u00e4ndig und aktuell sind. Minderj\u00e4hrige m\u00fcssen die vorherige Zustimmung ihrer Eltern, Erziehungsberechtigten oder gesetzlichen Vertreter haben, um die auf dieser Website angebotenen Dienste zu nutzen.<\/p><h3 data-start=\"3216\" data-end=\"3544\"><strong data-start=\"3216\" data-end=\"3259\">Obligation to Use the Website Correctly<\/strong><\/h3><p data-start=\"3216\" data-end=\"3544\">The user agrees to use the website in accordance with the law, this Legal Notice, morality, and good customs. Use of the website for illegal purposes or in any way that may harm third parties or damage, disable, or overload the portal or impede its normal functioning is prohibited.<\/p><h3 data-start=\"3546\" data-end=\"3854\">Anwendbares Recht und Gerichtsbarkeit<\/h3><p data-start=\"3546\" data-end=\"3854\">F\u00fcr die Beilegung aller Streitigkeiten oder Fragen im Zusammenhang mit dieser Website oder den darin durchgef\u00fchrten Aktivit\u00e4ten gilt das spanische Recht. Die Parteien unterwerfen sich ausdr\u00fccklich den Gerichten von Palma de Mallorca und verzichten auf jede andere Zust\u00e4ndigkeit, die ihnen zustehen k\u00f6nnte.<\/p>\t\t\t\t\t\t\t\t<\/div>\n\t\t\t\t<\/div>\n\t\t\t\t\t<\/div>\n\t\t<\/div>\n\t\t\t\t\t<\/div>\n\t\t<\/section>\n\t\t\t\t<\/div>\n\t\t","protected":false},"excerpt":{"rendered":"<p>Gem\u00e4\u00df Artikel 10 des Gesetzes 34\/2002 vom 11. Juli \u00fcber die Dienste der Informationsgesellschaft und den elektronischen Handel (LSSI-CE) wird der Benutzer \u00fcber die folgenden identifizierenden Daten informiert: Vollst\u00e4ndiger Name des Eigent\u00fcmers: Dmitry Zagovalko Chikhachev. Handelsname: Mallorca Cycling Video. ID-Nummer: 60524993X. Steuerliche Anschrift: Illes Balears, Spain. Contact phone: +34 634 030 516. Email: zagovalko.d@gmail.com. Website: [&hellip;]<\/p>\n","protected":false},"author":1,"featured_media":0,"parent":0,"menu_order":0,"comment_status":"closed","ping_status":"closed","template":"","meta":{"_acf_changed":false,"_vp_format_video_url":"","_vp_image_focal_point":[],"footnotes":""},"class_list":["post-4465","page","type-page","status-publish","hentry"],"acf":[],"yoast_head":"<!-- This site is optimized with the Yoast SEO plugin v25.2 - https:\/\/yoast.com\/wordpress\/plugins\/seo\/ -->\n<title>Rechtlicher Hinweis - Mallorca Cycling Video<\/title>\n<meta name=\"description\" content=\"Read the Mallorca Cycling legal notice with owner details, terms of use, and important legal information about the website.\" \/>\n<meta name=\"robots\" content=\"index, follow, max-snippet:-1, max-image-preview:large, max-video-preview:-1\" \/>\n<link rel=\"canonical\" href=\"https:\/\/mallorcacycling.es\/de\/rechtlicher-hinweis\/\" \/>\n<meta property=\"og:locale\" content=\"de_DE\" \/>\n<meta property=\"og:type\" content=\"article\" \/>\n<meta property=\"og:title\" content=\"Rechtlicher Hinweis - Mallorca Cycling Video\" \/>\n<meta property=\"og:description\" content=\"Read the Mallorca Cycling legal notice with owner details, terms of use, and important legal information about the website.\" \/>\n<meta property=\"og:url\" content=\"https:\/\/mallorcacycling.es\/de\/rechtlicher-hinweis\/\" \/>\n<meta property=\"og:site_name\" content=\"Mallorca Cycling Video\" \/>\n<meta property=\"article:modified_time\" content=\"2025-06-10T08:31:35+00:00\" \/>\n<meta name=\"twitter:card\" content=\"summary_large_image\" \/>\n<meta name=\"twitter:label1\" content=\"Gesch\u00e4tzte Lesezeit\" \/>\n\t<meta name=\"twitter:data1\" content=\"3\u00a0Minuten\" \/>\n<script type=\"application\/ld+json\" class=\"yoast-schema-graph\">{\"@context\":\"https:\/\/schema.org\",\"@graph\":[{\"@type\":\"WebPage\",\"@id\":\"https:\/\/mallorcacycling.es\/de\/rechtlicher-hinweis\/\",\"url\":\"https:\/\/mallorcacycling.es\/de\/rechtlicher-hinweis\/\",\"name\":\"Rechtlicher Hinweis - Mallorca Cycling Video\",\"isPartOf\":{\"@id\":\"https:\/\/mallorcacycling.es\/de\/#website\"},\"datePublished\":\"2025-06-10T06:53:58+00:00\",\"dateModified\":\"2025-06-10T08:31:35+00:00\",\"description\":\"Read the Mallorca Cycling legal notice with owner details, terms of use, and important legal information about the website.\",\"breadcrumb\":{\"@id\":\"https:\/\/mallorcacycling.es\/de\/rechtlicher-hinweis\/#breadcrumb\"},\"inLanguage\":\"de\",\"potentialAction\":[{\"@type\":\"ReadAction\",\"target\":[\"https:\/\/mallorcacycling.es\/de\/rechtlicher-hinweis\/\"]}]},{\"@type\":\"BreadcrumbList\",\"@id\":\"https:\/\/mallorcacycling.es\/de\/rechtlicher-hinweis\/#breadcrumb\",\"itemListElement\":[{\"@type\":\"ListItem\",\"position\":1,\"name\":\"Portada\",\"item\":\"https:\/\/mallorcacycling.es\/de\/\"},{\"@type\":\"ListItem\",\"position\":2,\"name\":\"Rechtlicher Hinweis\"}]},{\"@type\":\"WebSite\",\"@id\":\"https:\/\/mallorcacycling.es\/de\/#website\",\"url\":\"https:\/\/mallorcacycling.es\/de\/\",\"name\":\"Mallorca Cycling Video\",\"description\":\"\",\"potentialAction\":[{\"@type\":\"SearchAction\",\"target\":{\"@type\":\"EntryPoint\",\"urlTemplate\":\"https:\/\/mallorcacycling.es\/de\/?s={search_term_string}\"},\"query-input\":{\"@type\":\"PropertyValueSpecification\",\"valueRequired\":true,\"valueName\":\"search_term_string\"}}],\"inLanguage\":\"de\"}]}<\/script>\n<!-- \/ Yoast SEO plugin. -->","yoast_head_json":{"title":"Rechtlicher Hinweis - Mallorca Cycling Video","description":"Read the Mallorca Cycling legal notice with owner details, terms of use, and important legal information about the website.","robots":{"index":"index","follow":"follow","max-snippet":"max-snippet:-1","max-image-preview":"max-image-preview:large","max-video-preview":"max-video-preview:-1"},"canonical":"https:\/\/mallorcacycling.es\/de\/rechtlicher-hinweis\/","og_locale":"de_DE","og_type":"article","og_title":"Rechtlicher Hinweis - Mallorca Cycling Video","og_description":"Read the Mallorca Cycling legal notice with owner details, terms of use, and important legal information about the website.","og_url":"https:\/\/mallorcacycling.es\/de\/rechtlicher-hinweis\/","og_site_name":"Mallorca Cycling Video","article_modified_time":"2025-06-10T08:31:35+00:00","twitter_card":"summary_large_image","twitter_misc":{"Gesch\u00e4tzte Lesezeit":"3\u00a0Minuten"},"schema":{"@context":"https:\/\/schema.org","@graph":[{"@type":"WebPage","@id":"https:\/\/mallorcacycling.es\/de\/rechtlicher-hinweis\/","url":"https:\/\/mallorcacycling.es\/de\/rechtlicher-hinweis\/","name":"Rechtlicher Hinweis - Mallorca Cycling Video","isPartOf":{"@id":"https:\/\/mallorcacycling.es\/de\/#website"},"datePublished":"2025-06-10T06:53:58+00:00","dateModified":"2025-06-10T08:31:35+00:00","description":"Read the Mallorca Cycling legal notice with owner details, terms of use, and important legal information about the website.","breadcrumb":{"@id":"https:\/\/mallorcacycling.es\/de\/rechtlicher-hinweis\/#breadcrumb"},"inLanguage":"de","potentialAction":[{"@type":"ReadAction","target":["https:\/\/mallorcacycling.es\/de\/rechtlicher-hinweis\/"]}]},{"@type":"BreadcrumbList","@id":"https:\/\/mallorcacycling.es\/de\/rechtlicher-hinweis\/#breadcrumb","itemListElement":[{"@type":"ListItem","position":1,"name":"Portada","item":"https:\/\/mallorcacycling.es\/de\/"},{"@type":"ListItem","position":2,"name":"Rechtlicher Hinweis"}]},{"@type":"WebSite","@id":"https:\/\/mallorcacycling.es\/de\/#website","url":"https:\/\/mallorcacycling.es\/de\/","name":"Mallorca Cycling Video","description":"","potentialAction":[{"@type":"SearchAction","target":{"@type":"EntryPoint","urlTemplate":"https:\/\/mallorcacycling.es\/de\/?s={search_term_string}"},"query-input":{"@type":"PropertyValueSpecification","valueRequired":true,"valueName":"search_term_string"}}],"inLanguage":"de"}]}},"_links":{"self":[{"href":"https:\/\/mallorcacycling.es\/de\/wp-json\/wp\/v2\/pages\/4465","targetHints":{"allow":["GET"]}}],"collection":[{"href":"https:\/\/mallorcacycling.es\/de\/wp-json\/wp\/v2\/pages"}],"about":[{"href":"https:\/\/mallorcacycling.es\/de\/wp-json\/wp\/v2\/types\/page"}],"author":[{"embeddable":true,"href":"https:\/\/mallorcacycling.es\/de\/wp-json\/wp\/v2\/users\/1"}],"replies":[{"embeddable":true,"href":"https:\/\/mallorcacycling.es\/de\/wp-json\/wp\/v2\/comments?post=4465"}],"version-history":[{"count":4,"href":"https:\/\/mallorcacycling.es\/de\/wp-json\/wp\/v2\/pages\/4465\/revisions"}],"predecessor-version":[{"id":4469,"href":"https:\/\/mallorcacycling.es\/de\/wp-json\/wp\/v2\/pages\/4465\/revisions\/4469"}],"wp:attachment":[{"href":"https:\/\/mallorcacycling.es\/de\/wp-json\/wp\/v2\/media?parent=4465"}],"curies":[{"name":"wp","href":"https:\/\/api.w.org\/{rel}","templated":true}]}}